{"id":1269,"date":"2025-07-25T15:07:43","date_gmt":"2025-07-25T15:07:43","guid":{"rendered":"https:\/\/www.ediciones-valnera.com\/?post_type=product&#038;p=1269"},"modified":"2026-03-31T14:24:05","modified_gmt":"2026-03-31T14:24:05","slug":"burbujas-en-los-charcos","status":"publish","type":"product","link":"https:\/\/www.ediciones-valnera.com\/?product=burbujas-en-los-charcos","title":{"rendered":"BURBUJAS EN LOS CHARCOS"},"content":{"rendered":"<p>Partiendo de la idea de que la memoria es vida, Virginia Moncali\u00e1n transforma y embellece con im\u00e1genes esa verdad suprema con frecuencia inadvertida de que nuestra vida, la vida de cada cual, es lo que recordamos. Con un estilo pict\u00f3rico luminoso y gr\u00e1cil, y de una belleza inusuada y serena, Virginia logra plasmar en escenas cotidianas el apasionante trabajo de nuestra memoria para preservar lo vivido y dar significado y sentido a nuestras vidas.<\/p>\n","protected":false},"excerpt":{"rendered":"<p>No es tarea f\u00e1cil enhebrar el conocimiento cient\u00edfico con im\u00e1genes de la cotidianidad humana.<\/p>\n<p><em>Burbujas en los charcos<\/em> \u2013ganadora del Premio \u00d3scar Mu\u00f1iz de Novela Gr\u00e1fica 2023 del Gobierno de Cantabria\u2013 es una obra extraordinaria precisamente porque consigue esa simbiosis.<\/p>\n","protected":false},"featured_media":1270,"comment_status":"closed","ping_status":"closed","template":"","meta":[],"product_brand":[],"product_cat":[93,84],"product_tag":[],"class_list":{"0":"post-1269","1":"product","2":"type-product","3":"status-publish","4":"has-post-thumbnail","6":"product_cat-novedades","7":"product_cat-valnera-grafica","9":"first","10":"instock","11":"shipping-taxable","12":"product-type-external"},"_links":{"self":[{"href":"https:\/\/www.ediciones-valnera.com\/index.php?rest_route=\/wp\/v2\/product\/1269","targetHints":{"allow":["GET"]}}],"collection":[{"href":"https:\/\/www.ediciones-valnera.com\/index.php?rest_route=\/wp\/v2\/product"}],"about":[{"href":"https:\/\/www.ediciones-valnera.com\/index.php?rest_route=\/wp\/v2\/types\/product"}],"replies":[{"embeddable":true,"href":"https:\/\/www.ediciones-valnera.com\/index.php?rest_route=%2Fwp%2Fv2%2Fcomments&post=1269"}],"wp:featuredmedia":[{"embeddable":true,"href":"https:\/\/www.ediciones-valnera.com\/index.php?rest_route=\/wp\/v2\/media\/1270"}],"wp:attachment":[{"href":"https:\/\/www.ediciones-valnera.com\/index.php?rest_route=%2Fwp%2Fv2%2Fmedia&parent=1269"}],"wp:term":[{"taxonomy":"product_brand","embeddable":true,"href":"https:\/\/www.ediciones-valnera.com\/index.php?rest_route=%2Fwp%2Fv2%2Fproduct_brand&post=1269"},{"taxonomy":"product_cat","embeddable":true,"href":"https:\/\/www.ediciones-valnera.com\/index.php?rest_route=%2Fwp%2Fv2%2Fproduct_cat&post=1269"},{"taxonomy":"product_tag","embeddable":true,"href":"https:\/\/www.ediciones-valnera.com\/index.php?rest_route=%2Fwp%2Fv2%2Fproduct_tag&post=1269"}],"curies":[{"name":"wp","href":"https:\/\/api.w.org\/{rel}","templated":true}]}}