{"id":126,"date":"2022-01-03T01:07:39","date_gmt":"2022-01-03T00:07:39","guid":{"rendered":"http:\/\/127.0.0.1:10080\/wordpress\/?post_type=product&#038;p=126"},"modified":"2022-02-01T23:43:43","modified_gmt":"2022-02-01T23:43:43","slug":"anos-dificiles","status":"publish","type":"product","link":"https:\/\/www.ediciones-valnera.com\/?product=anos-dificiles","title":{"rendered":"A\u00f1os dif\u00edciles"},"content":{"rendered":"<p>En palabras de Guillermo Balbona, \u00abEn esta cr\u00f3nica documental y en su reinvenci\u00f3n cabe el dolor y la esperanza, pero sobre todo asoma la necesidad de desnudar la historia, de explorar la oscuridad para alumbrar las huellas del camino presente. Jos\u00e9 Ram\u00f3n, que ha viajado por mitolog\u00edas y fantas\u00edas, que ha ahondado en las traves\u00edas de la ficci\u00f3n, se detiene en las cicatrices y tatuajes de las tragedias m\u00e1s globales y m\u00e1s \u00edntimas. Retrata el drama social pero no se queda en la superficie. Ilustra, o sea profundiza. Impresiona el resplandor y perfila el miedo. Describe el v\u00e9rtigo y recrea una experiencia, un descenso al infierno, una bofetada de empat\u00eda, complicidad y conmoci\u00f3n. Jos\u00e9 Ram\u00f3n, que ha conocido la fosa m\u00e1s grande, la de la soledad; que ha sobrevivido a la enfermedad; y que se ha dado de tortas con el dolor no es ni complaciente ni testimonial. Sus tablas y retratos nos obligan a mirar atr\u00e1s para mirar de frente. Revela las sombras entre las luces oficiales y lanza una llamarada de dibujo, color y pintura que es la mejor forma de estampar lo humano, siluetear las fechas y apelar a los sue\u00f1os. Jos\u00e9 Ram\u00f3n enciende la memoria con voces de luz, trozos de alambrada, destierros, trincheras, pobreza y resquicios de ilusi\u00f3n. La suya es la mejor distop\u00eda: la de la expresi\u00f3n que mantiene alerta el sentido de la libertad, el grito que revela y rebela, el aliento que nos mantiene humanos\u00bb.<\/p>\n","protected":false},"excerpt":{"rendered":"<p>Esta es la primera obra escrita y pintada por Jos\u00e9 Ram\u00f3n S\u00e1nchez tras recibir el Premio Nacional de Ilustraci\u00f3n 2014. En ella retrata con la pluma y el pincel dos momentos de drama humano, casi seguidos en el tiempo: la gran depresi\u00f3n americana y la guerra civil espa\u00f1ola.<\/p>\n","protected":false},"featured_media":694,"comment_status":"closed","ping_status":"closed","template":"","meta":[],"product_brand":[],"product_cat":[81],"product_tag":[62,64],"class_list":{"0":"post-126","1":"product","2":"type-product","3":"status-publish","4":"has-post-thumbnail","6":"product_cat-valnera","7":"product_tag-jose-ramon-sanchez","8":"product_tag-albumes-valnera","10":"first","11":"instock","12":"shipping-taxable","13":"product-type-external"},"_links":{"self":[{"href":"https:\/\/www.ediciones-valnera.com\/index.php?rest_route=\/wp\/v2\/product\/126","targetHints":{"allow":["GET"]}}],"collection":[{"href":"https:\/\/www.ediciones-valnera.com\/index.php?rest_route=\/wp\/v2\/product"}],"about":[{"href":"https:\/\/www.ediciones-valnera.com\/index.php?rest_route=\/wp\/v2\/types\/product"}],"replies":[{"embeddable":true,"href":"https:\/\/www.ediciones-valnera.com\/index.php?rest_route=%2Fwp%2Fv2%2Fcomments&post=126"}],"wp:featuredmedia":[{"embeddable":true,"href":"https:\/\/www.ediciones-valnera.com\/index.php?rest_route=\/wp\/v2\/media\/694"}],"wp:attachment":[{"href":"https:\/\/www.ediciones-valnera.com\/index.php?rest_route=%2Fwp%2Fv2%2Fmedia&parent=126"}],"wp:term":[{"taxonomy":"product_brand","embeddable":true,"href":"https:\/\/www.ediciones-valnera.com\/index.php?rest_route=%2Fwp%2Fv2%2Fproduct_brand&post=126"},{"taxonomy":"product_cat","embeddable":true,"href":"https:\/\/www.ediciones-valnera.com\/index.php?rest_route=%2Fwp%2Fv2%2Fproduct_cat&post=126"},{"taxonomy":"product_tag","embeddable":true,"href":"https:\/\/www.ediciones-valnera.com\/index.php?rest_route=%2Fwp%2Fv2%2Fproduct_tag&post=126"}],"curies":[{"name":"wp","href":"https:\/\/api.w.org\/{rel}","templated":true}]}}