{"id":1253,"date":"2025-05-19T19:38:10","date_gmt":"2025-05-19T19:38:10","guid":{"rendered":"https:\/\/www.ediciones-valnera.com\/?post_type=product&#038;p=1253"},"modified":"2025-07-25T16:13:28","modified_gmt":"2025-07-25T16:13:28","slug":"maldito-pruses","status":"publish","type":"product","link":"https:\/\/www.ediciones-valnera.com\/?product=maldito-pruses","title":{"rendered":"MALDITO PRUS\u00c9S"},"content":{"rendered":"<p>Dice Peridis: \u00abEl color, por el que el peri\u00f3dico apost\u00f3 en los \u00faltimos a\u00f1os, me abri\u00f3 la oportunidad de incorporar significados emocionales de gran carga ideol\u00f3gica y pasional. Y eso fue lo que aportaron mis dibujos a un \u2018proc\u00e9s\u2019 que al fin y al cabo era una guerra de banderas con una capacidad de enfrentamiento y de tensi\u00f3n que, en un momento dado, sus propios promotores se dieron cuenta de que pod\u00edan producir derramamientos de sangre.<\/p>\n<p>Cuando repas\u00e9 las pruebas de imprenta, comprob\u00e9 desde el primer momento que aquellos dibujos conten\u00edan una borrachera de color sin apenas otras distracciones que unas fechas y unos textos que proporcionan al lector las coordenadas temporales en que se desarrollaron unos acontecimientos cuyas consecuencias todav\u00eda colean, y de qu\u00e9 modo, en la pol\u00edtica catalana y espa\u00f1ola\u00bb.<\/p>\n","protected":false},"excerpt":{"rendered":"<p><em>Maldito prus\u00e9s<\/em> agrupa, en 144 p\u00e1ginas, una selecci\u00f3n de 341 vi\u00f1etas de las m\u00e1s de 1.800 que Jos\u00e9 Mar\u00eda P\u00e9rez, \u00abPeridis\u00bb, ha ido publicando en <em>El Pa\u00eds<\/em>, desde 2013, dedicadas al largo proc\u00e9s catal\u00e1n.<\/p>\n<p>Con la perspectiva del humor que subyace en todos esos dibujos y en los textos breves que los contextualizan, vista desde la actualidad, podemos contemplar la historia de aquella aventura pol\u00edtica <strong>a modo de comic<\/strong>, con cierto didactismo, y sobre todo con la comprensi\u00f3n y la benevolencia que no permit\u00eda la proximidad de unos hechos que pod\u00edan haber sido mucho m\u00e1s traum\u00e1ticos.<\/p>\n","protected":false},"featured_media":1254,"comment_status":"closed","ping_status":"closed","template":"","meta":[],"product_brand":[],"product_cat":[93,84],"product_tag":[],"class_list":{"0":"post-1253","1":"product","2":"type-product","3":"status-publish","4":"has-post-thumbnail","6":"product_cat-novedades","7":"product_cat-valnera-grafica","9":"first","10":"instock","11":"shipping-taxable","12":"product-type-external"},"_links":{"self":[{"href":"https:\/\/www.ediciones-valnera.com\/index.php?rest_route=\/wp\/v2\/product\/1253","targetHints":{"allow":["GET"]}}],"collection":[{"href":"https:\/\/www.ediciones-valnera.com\/index.php?rest_route=\/wp\/v2\/product"}],"about":[{"href":"https:\/\/www.ediciones-valnera.com\/index.php?rest_route=\/wp\/v2\/types\/product"}],"replies":[{"embeddable":true,"href":"https:\/\/www.ediciones-valnera.com\/index.php?rest_route=%2Fwp%2Fv2%2Fcomments&post=1253"}],"wp:featuredmedia":[{"embeddable":true,"href":"https:\/\/www.ediciones-valnera.com\/index.php?rest_route=\/wp\/v2\/media\/1254"}],"wp:attachment":[{"href":"https:\/\/www.ediciones-valnera.com\/index.php?rest_route=%2Fwp%2Fv2%2Fmedia&parent=1253"}],"wp:term":[{"taxonomy":"product_brand","embeddable":true,"href":"https:\/\/www.ediciones-valnera.com\/index.php?rest_route=%2Fwp%2Fv2%2Fproduct_brand&post=1253"},{"taxonomy":"product_cat","embeddable":true,"href":"https:\/\/www.ediciones-valnera.com\/index.php?rest_route=%2Fwp%2Fv2%2Fproduct_cat&post=1253"},{"taxonomy":"product_tag","embeddable":true,"href":"https:\/\/www.ediciones-valnera.com\/index.php?rest_route=%2Fwp%2Fv2%2Fproduct_tag&post=1253"}],"curies":[{"name":"wp","href":"https:\/\/api.w.org\/{rel}","templated":true}]}}