{"id":1226,"date":"2025-04-04T12:29:44","date_gmt":"2025-04-04T12:29:44","guid":{"rendered":"https:\/\/www.ediciones-valnera.com\/?post_type=product&#038;p=1226"},"modified":"2025-11-06T11:17:10","modified_gmt":"2025-11-06T11:17:10","slug":"un-imposible-adios","status":"publish","type":"product","link":"https:\/\/www.ediciones-valnera.com\/?product=un-imposible-adios","title":{"rendered":"UN IMPOSIBLE ADI\u00d3S"},"content":{"rendered":"<p>Pasados unos a\u00f1os, mi mujer entr\u00f3 en una etapa m\u00e1s tranquila, por lo que dejar que la historia terminase tan dram\u00e1ticamente supon\u00eda privar al lector de la fase m\u00e1s llevadera de la enfermedad. Decid\u00ed, pues, prolongar la novela con una segunda parte, que es la que da t\u00edtulo al libro. Tambi\u00e9n encontr\u00e9 \u2013\u00a1por fin!\u2013 un nombre para los dos protagonistas: M\u00e1ximo y Vera. El primero, en honor a Massimo Troisi, un actor italiano inolvidable, y el segundo como homenaje a Vera Nabokov, la esposa de mi escritor fetiche. En esta ocasi\u00f3n me centr\u00e9 sobre todo en las vivencias del marido, que, como es mi caso, ejerce adem\u00e1s la funci\u00f3n de cuidador.<\/p>\n<p>Al margen de su intriga novelesca, la obra es un testimonio de las tribulaciones que sufren quienes han decidido consagrar sus desvelos a la persona amada y es tambi\u00e9n, por tanto, una historia de amor\u00bb.<\/p>\n","protected":false},"excerpt":{"rendered":"<p><em>Un imposible adi\u00f3s<\/em> es una novela sobre el Alzh\u00e9imer, pero no desde la perspectiva del enfermo o de la ciencia m\u00e9dica, sino desde el punto de vista de un ir\u00f3nico y angustiado cuidador. La primera parte se public\u00f3 en 2018. Se trataba de un relato breve que llevaba por t\u00edtulo <em>El viaje a Grindelwald<\/em>. Lo escrib\u00ed cuando mi esposa fue diagnosticada de Alzh\u00e9imer, y en \u00e9l se narran, encarnados en dos personajes de ficci\u00f3n, los primeros tiempos de la enfermedad. Fue una etapa tan terrible y violenta que conclu\u00ed el relato de manera abrupta, con un gesto de desesperaci\u00f3n del protagonista, m\u00e1s simb\u00f3lico que veros\u00edmil. En esa primera entrega, ni \u00e9l ni su esposa ten\u00edan nombre. Era evidente que el autor estaba demasiado cerca del problema\u2026<\/p>\n","protected":false},"featured_media":1227,"comment_status":"closed","ping_status":"closed","template":"","meta":[],"product_brand":[],"product_cat":[93,86],"product_tag":[],"class_list":{"0":"post-1226","1":"product","2":"type-product","3":"status-publish","4":"has-post-thumbnail","6":"product_cat-novedades","7":"product_cat-valnera-literaria","9":"first","10":"instock","11":"shipping-taxable","12":"product-type-external"},"_links":{"self":[{"href":"https:\/\/www.ediciones-valnera.com\/index.php?rest_route=\/wp\/v2\/product\/1226","targetHints":{"allow":["GET"]}}],"collection":[{"href":"https:\/\/www.ediciones-valnera.com\/index.php?rest_route=\/wp\/v2\/product"}],"about":[{"href":"https:\/\/www.ediciones-valnera.com\/index.php?rest_route=\/wp\/v2\/types\/product"}],"replies":[{"embeddable":true,"href":"https:\/\/www.ediciones-valnera.com\/index.php?rest_route=%2Fwp%2Fv2%2Fcomments&post=1226"}],"wp:featuredmedia":[{"embeddable":true,"href":"https:\/\/www.ediciones-valnera.com\/index.php?rest_route=\/wp\/v2\/media\/1227"}],"wp:attachment":[{"href":"https:\/\/www.ediciones-valnera.com\/index.php?rest_route=%2Fwp%2Fv2%2Fmedia&parent=1226"}],"wp:term":[{"taxonomy":"product_brand","embeddable":true,"href":"https:\/\/www.ediciones-valnera.com\/index.php?rest_route=%2Fwp%2Fv2%2Fproduct_brand&post=1226"},{"taxonomy":"product_cat","embeddable":true,"href":"https:\/\/www.ediciones-valnera.com\/index.php?rest_route=%2Fwp%2Fv2%2Fproduct_cat&post=1226"},{"taxonomy":"product_tag","embeddable":true,"href":"https:\/\/www.ediciones-valnera.com\/index.php?rest_route=%2Fwp%2Fv2%2Fproduct_tag&post=1226"}],"curies":[{"name":"wp","href":"https:\/\/api.w.org\/{rel}","templated":true}]}}