{"id":1224,"date":"2025-04-04T12:24:05","date_gmt":"2025-04-04T12:24:05","guid":{"rendered":"https:\/\/www.ediciones-valnera.com\/?post_type=product&#038;p=1224"},"modified":"2025-11-06T11:17:37","modified_gmt":"2025-11-06T11:17:37","slug":"mudar-de-piel","status":"publish","type":"product","link":"https:\/\/www.ediciones-valnera.com\/?product=mudar-de-piel","title":{"rendered":"MUDAR DE PIEL"},"content":{"rendered":"<p>Una extra\u00f1a obsesi\u00f3n, una amistad improbable y una relaci\u00f3n condenada al fracaso. A Berta se le acumulan las razones para pensar que no ha tenido demasiada suerte en la vida, aunque siempre hay una \u00faltima oportunidad para intentar otra cabriola y empezar de nuevo el circo.<\/p>\n<p><em>Mudar de piel<\/em> es una novela de muerte, de deseos y de frustraciones, a cuya protagonista parece fallarle todo el mundo. Berta siempre se asoma al abismo, pero, en una pirueta inesperada, se repone para dar rienda suelta a sus obsesiones, sus anhelos y sus locuras. Un viaje de descubrimientos, secretos inconfesables y bocados de esperanza al sol de primavera.<\/p>\n","protected":false},"excerpt":{"rendered":"<p>Beatriz Sanz Oland\u00eda irrumpe en la literatura con una voz narrativa fresca, valiente y sin complejos que sabe ahondar con precisi\u00f3n en la psicolog\u00eda del personaje femenino, desvelando su sexualidad, sus h\u00e1bitos, sus man\u00edas, sus obsesiones e inseguridades hasta atrapar al lector en una red que lo traslada a un final inquietante.<\/p>\n<p>\u00abNo sabr\u00eda entrar en detalles; el primer polvo estaba dentro de una nebulosa, confundido ya entre tanto encuentro. Las caricias, las posturas, las miradas se mezclaban con otras muchas que vinieron despu\u00e9s. Pero s\u00ed pod\u00eda precisar que de pronto fue consciente de una triste certeza: hacer el amor, follar, o como quiera que se llamara aquello, nunca ser\u00eda igual que lo que hubo con \u00e9l\u00bb.<\/p>\n<p>&nbsp;<\/p>\n","protected":false},"featured_media":1225,"comment_status":"closed","ping_status":"closed","template":"","meta":[],"product_brand":[],"product_cat":[93,86],"product_tag":[],"class_list":{"0":"post-1224","1":"product","2":"type-product","3":"status-publish","4":"has-post-thumbnail","6":"product_cat-novedades","7":"product_cat-valnera-literaria","9":"first","10":"instock","11":"shipping-taxable","12":"product-type-external"},"_links":{"self":[{"href":"https:\/\/www.ediciones-valnera.com\/index.php?rest_route=\/wp\/v2\/product\/1224","targetHints":{"allow":["GET"]}}],"collection":[{"href":"https:\/\/www.ediciones-valnera.com\/index.php?rest_route=\/wp\/v2\/product"}],"about":[{"href":"https:\/\/www.ediciones-valnera.com\/index.php?rest_route=\/wp\/v2\/types\/product"}],"replies":[{"embeddable":true,"href":"https:\/\/www.ediciones-valnera.com\/index.php?rest_route=%2Fwp%2Fv2%2Fcomments&post=1224"}],"wp:featuredmedia":[{"embeddable":true,"href":"https:\/\/www.ediciones-valnera.com\/index.php?rest_route=\/wp\/v2\/media\/1225"}],"wp:attachment":[{"href":"https:\/\/www.ediciones-valnera.com\/index.php?rest_route=%2Fwp%2Fv2%2Fmedia&parent=1224"}],"wp:term":[{"taxonomy":"product_brand","embeddable":true,"href":"https:\/\/www.ediciones-valnera.com\/index.php?rest_route=%2Fwp%2Fv2%2Fproduct_brand&post=1224"},{"taxonomy":"product_cat","embeddable":true,"href":"https:\/\/www.ediciones-valnera.com\/index.php?rest_route=%2Fwp%2Fv2%2Fproduct_cat&post=1224"},{"taxonomy":"product_tag","embeddable":true,"href":"https:\/\/www.ediciones-valnera.com\/index.php?rest_route=%2Fwp%2Fv2%2Fproduct_tag&post=1224"}],"curies":[{"name":"wp","href":"https:\/\/api.w.org\/{rel}","templated":true}]}}