{"id":1222,"date":"2025-04-04T12:16:44","date_gmt":"2025-04-04T12:16:44","guid":{"rendered":"https:\/\/www.ediciones-valnera.com\/?post_type=product&#038;p=1222"},"modified":"2025-11-06T11:18:01","modified_gmt":"2025-11-06T11:18:01","slug":"el-vuelo-de-los-delfines","status":"publish","type":"product","link":"https:\/\/www.ediciones-valnera.com\/?product=el-vuelo-de-los-delfines","title":{"rendered":"EL VUELO DE LOS DELFINES"},"content":{"rendered":"<p>Con el lenguaje preciso y depurado que caracteriza al autor, con su efusividad metaf\u00f3rica, con sus rasgos de humor y sus matices po\u00e9ticos, nos encontramos ante una novela que es, ante todo, un conmovedor homenaje a la vida y al amor. Una novela actual y cercana, de la que cualquiera que haya superado cinco d\u00e9cadas en su biograf\u00eda podr\u00eda sentirse protagonista.<\/p>\n<p>&nbsp;<\/p>\n","protected":false},"excerpt":{"rendered":"<p>Jos\u00e9 Ignacio Garc\u00eda, uno de los narradores m\u00e1s s\u00f3lidos de la literatura espa\u00f1ola contempor\u00e1nea, nos ofrece una historia coral y trepidante, en la que se suceden los conflictos sin parar, y donde se sumerge con vocaci\u00f3n de psicoanalista en los pensamientos de cada personaje, en sus incertidumbres, en sus obsesiones, en sus miedos, en sus expectativas.<\/p>\n<p><em>El vuelo de los delfines<\/em> retrata una galer\u00eda de mujeres y de hombres, a los que, superada la cincuentena, el destino les brinda una nueva oportunidad para descubrir la pasi\u00f3n o para reencontrarse con ella, para crear nuevas relaciones de pareja o para reforzar v\u00ednculos que parec\u00edan extinguidos como la llama que se apaga en un quinqu\u00e9, para buscar respuestas aplazadas o para dar un giro radical a los acontecimientos que jalonan sus quehaceres cotidianos.<\/p>\n<p>&nbsp;<\/p>\n","protected":false},"featured_media":1223,"comment_status":"closed","ping_status":"closed","template":"","meta":[],"product_brand":[],"product_cat":[93,86],"product_tag":[],"class_list":{"0":"post-1222","1":"product","2":"type-product","3":"status-publish","4":"has-post-thumbnail","6":"product_cat-novedades","7":"product_cat-valnera-literaria","9":"first","10":"instock","11":"shipping-taxable","12":"product-type-external"},"_links":{"self":[{"href":"https:\/\/www.ediciones-valnera.com\/index.php?rest_route=\/wp\/v2\/product\/1222","targetHints":{"allow":["GET"]}}],"collection":[{"href":"https:\/\/www.ediciones-valnera.com\/index.php?rest_route=\/wp\/v2\/product"}],"about":[{"href":"https:\/\/www.ediciones-valnera.com\/index.php?rest_route=\/wp\/v2\/types\/product"}],"replies":[{"embeddable":true,"href":"https:\/\/www.ediciones-valnera.com\/index.php?rest_route=%2Fwp%2Fv2%2Fcomments&post=1222"}],"wp:featuredmedia":[{"embeddable":true,"href":"https:\/\/www.ediciones-valnera.com\/index.php?rest_route=\/wp\/v2\/media\/1223"}],"wp:attachment":[{"href":"https:\/\/www.ediciones-valnera.com\/index.php?rest_route=%2Fwp%2Fv2%2Fmedia&parent=1222"}],"wp:term":[{"taxonomy":"product_brand","embeddable":true,"href":"https:\/\/www.ediciones-valnera.com\/index.php?rest_route=%2Fwp%2Fv2%2Fproduct_brand&post=1222"},{"taxonomy":"product_cat","embeddable":true,"href":"https:\/\/www.ediciones-valnera.com\/index.php?rest_route=%2Fwp%2Fv2%2Fproduct_cat&post=1222"},{"taxonomy":"product_tag","embeddable":true,"href":"https:\/\/www.ediciones-valnera.com\/index.php?rest_route=%2Fwp%2Fv2%2Fproduct_tag&post=1222"}],"curies":[{"name":"wp","href":"https:\/\/api.w.org\/{rel}","templated":true}]}}