{"id":122,"date":"2022-01-03T01:00:17","date_gmt":"2022-01-03T00:00:17","guid":{"rendered":"http:\/\/127.0.0.1:10080\/wordpress\/?post_type=product&#038;p=122"},"modified":"2022-02-01T23:44:41","modified_gmt":"2022-02-01T23:44:41","slug":"cantabria-la-epopeya-i-segisama","status":"publish","type":"product","link":"https:\/\/www.ediciones-valnera.com\/?product=cantabria-la-epopeya-i-segisama","title":{"rendered":"Cantabria: la epopeya I. Segisama"},"content":{"rendered":"","protected":false},"excerpt":{"rendered":"<p class=\"just\"><em>Cantabria. La epopeya<\/em>\u00a0es una historia que se articula en dos libros:\u00a0<em>Cantabria: la epopeya I. Segisama\u00a0<\/em>y\u00a0<em>Cantabria: la epopeya II. Monte Vindio<\/em>.<\/p>\n<p class=\"just\">En ambos vol\u00famenes se narra la peripecia de las guerras c\u00e1ntabro-romanas desde un punto de vista que mezcla la historia real con la literatura.<\/p>\n<p class=\"just\">El narrador es el viejo Bodo, un sabio de la tribu de los orgenomescos que se re\u00fane por las noches, en torno a la hoguera, con un grupo de j\u00f3venes c\u00e1ntabros a los que transmite la gran historia de su pueblo. Surgen de sus palabras envolventes los grandes h\u00e9roes que extendieron y engrandecieron el nombre de Cantabria por los \u00e1mbitos conocidos: Laro, Viroti, Corocota\u2026 unidos todos ellos por el valor y por una falcata invencible que forj\u00f3 en tiempos lejanos Sid\u00f3n, un herrero ar\u00e9vaco, como muestra de agradecimiento por la ayuda que los guerreros c\u00e1ntabros los prestaron en el cerco de Numancia, y que desde entonces ha ido pasando de mano en mano por todos los caudillos.<\/p>\n","protected":false},"featured_media":696,"comment_status":"closed","ping_status":"closed","template":"","meta":[],"product_brand":[],"product_cat":[81],"product_tag":[54,62,64],"class_list":{"0":"post-122","1":"product","2":"type-product","3":"status-publish","4":"has-post-thumbnail","6":"product_cat-valnera","7":"product_tag-jesus-herran","8":"product_tag-jose-ramon-sanchez","9":"product_tag-albumes-valnera","11":"first","12":"instock","13":"shipping-taxable","14":"product-type-external"},"_links":{"self":[{"href":"https:\/\/www.ediciones-valnera.com\/index.php?rest_route=\/wp\/v2\/product\/122","targetHints":{"allow":["GET"]}}],"collection":[{"href":"https:\/\/www.ediciones-valnera.com\/index.php?rest_route=\/wp\/v2\/product"}],"about":[{"href":"https:\/\/www.ediciones-valnera.com\/index.php?rest_route=\/wp\/v2\/types\/product"}],"replies":[{"embeddable":true,"href":"https:\/\/www.ediciones-valnera.com\/index.php?rest_route=%2Fwp%2Fv2%2Fcomments&post=122"}],"wp:featuredmedia":[{"embeddable":true,"href":"https:\/\/www.ediciones-valnera.com\/index.php?rest_route=\/wp\/v2\/media\/696"}],"wp:attachment":[{"href":"https:\/\/www.ediciones-valnera.com\/index.php?rest_route=%2Fwp%2Fv2%2Fmedia&parent=122"}],"wp:term":[{"taxonomy":"product_brand","embeddable":true,"href":"https:\/\/www.ediciones-valnera.com\/index.php?rest_route=%2Fwp%2Fv2%2Fproduct_brand&post=122"},{"taxonomy":"product_cat","embeddable":true,"href":"https:\/\/www.ediciones-valnera.com\/index.php?rest_route=%2Fwp%2Fv2%2Fproduct_cat&post=122"},{"taxonomy":"product_tag","embeddable":true,"href":"https:\/\/www.ediciones-valnera.com\/index.php?rest_route=%2Fwp%2Fv2%2Fproduct_tag&post=122"}],"curies":[{"name":"wp","href":"https:\/\/api.w.org\/{rel}","templated":true}]}}