{"id":1171,"date":"2024-09-23T17:45:35","date_gmt":"2024-09-23T17:45:35","guid":{"rendered":"https:\/\/www.ediciones-valnera.com\/?post_type=product&#038;p=1171"},"modified":"2025-11-06T11:18:32","modified_gmt":"2025-11-06T11:18:32","slug":"cuando-el-mundo-se-llamaba-cerralbo","status":"publish","type":"product","link":"https:\/\/www.ediciones-valnera.com\/?product=cuando-el-mundo-se-llamaba-cerralbo","title":{"rendered":"CUANDO EL MUNDO SE LLAMABA CERRALBO"},"content":{"rendered":"<p>En <em>Cuando el mundo se llamaba Cerralbo<\/em>, Ram\u00f3n Garc\u00eda Mateos recrea literariamente ese pueblo salmantino, que agiganta en el recuerdo \u2014donde el tiempo se ensancha y se detiene\u2013 hasta elevarlo al territorio m\u00edtico de Macondo o Tomelloso o Castroforte do Baralla o Paniceiros o las Tierras Altas de Eliambroz o el condado de Yoknapatawpha.<\/p>\n<p>Cerralbo existe porque lo imagina un ni\u00f1o desde la memoria auroral de Ram\u00f3n Garc\u00eda Mateos, un poeta que escribe prosa.<\/p>\n<p>\u00abNo me cabe duda de que ser\u00e1 una de esas novedades que no se llevar\u00e1n los vientos oto\u00f1ales. Por su historia, por lo que conmueve su lectura y por la manera de escribir del autor, esta novela es un plato de muy alta gastronom\u00eda literaria\u00bb. (Jos\u00e9 Ignacio Garc\u00eda).<\/p>\n<p>\u00abUna novela magn\u00e9tica, inolvidable, la m\u00e1s emocionante que he le\u00eddo en los \u00faltimos a\u00f1os\u00bb. (Ignacio Sanz).<\/p>\n<p>\u00abUna obra tan emotiva y tan bien escrita, que su edici\u00f3n resultaba imprescindible para preservar la memoria de aquellos a\u00f1os, de aquellos pueblos, de aquel vocabulario\u2026\u00bb. (Emilio Pascual).<\/p>\n<p>&nbsp;<\/p>\n","protected":false},"excerpt":{"rendered":"<p>&nbsp;<\/p>\n<h1 class=\"news-title\" style=\"text-align: center;\">XXII Premio Real Academia Espa\u00f1ola 2025<\/h1>\n<h2 style=\"text-align: center;\">\u00abpor su maestr\u00eda al recrear un mundo rural ya desaparecido, a trav\u00e9s de los testimonios orales y por la recuperaci\u00f3n del lenguaje\u00bb<\/h2>\n<p>Cuatro muchachos, a\u00fan en pantalones cortos, descubren el mundo en Cerralbo, la vida y la muerte bordadas en la boca, desde el asombro ante las palabras maravillosas que envuelven la realidad con el manto de antiguas consejas.<\/p>\n<p>Cerralbo existe como existe Cavalo Morto en un poema de Ledo Ivo. Cerralbo existe porque as\u00ed lo dicen los mapas. Cerralbo existe y, sin embargo, se inventa en cada una de las p\u00e1ginas de este libro, porque Cerralbo es el lugar donde guardamos el \u00faltimo barrunto de nuestros sue\u00f1os infantiles.<\/p>\n","protected":false},"featured_media":1461,"comment_status":"closed","ping_status":"closed","template":"","meta":[],"product_brand":[],"product_cat":[93,86],"product_tag":[],"class_list":{"0":"post-1171","1":"product","2":"type-product","3":"status-publish","4":"has-post-thumbnail","6":"product_cat-novedades","7":"product_cat-valnera-literaria","9":"first","10":"instock","11":"shipping-taxable","12":"product-type-external"},"_links":{"self":[{"href":"https:\/\/www.ediciones-valnera.com\/index.php?rest_route=\/wp\/v2\/product\/1171","targetHints":{"allow":["GET"]}}],"collection":[{"href":"https:\/\/www.ediciones-valnera.com\/index.php?rest_route=\/wp\/v2\/product"}],"about":[{"href":"https:\/\/www.ediciones-valnera.com\/index.php?rest_route=\/wp\/v2\/types\/product"}],"replies":[{"embeddable":true,"href":"https:\/\/www.ediciones-valnera.com\/index.php?rest_route=%2Fwp%2Fv2%2Fcomments&post=1171"}],"wp:featuredmedia":[{"embeddable":true,"href":"https:\/\/www.ediciones-valnera.com\/index.php?rest_route=\/wp\/v2\/media\/1461"}],"wp:attachment":[{"href":"https:\/\/www.ediciones-valnera.com\/index.php?rest_route=%2Fwp%2Fv2%2Fmedia&parent=1171"}],"wp:term":[{"taxonomy":"product_brand","embeddable":true,"href":"https:\/\/www.ediciones-valnera.com\/index.php?rest_route=%2Fwp%2Fv2%2Fproduct_brand&post=1171"},{"taxonomy":"product_cat","embeddable":true,"href":"https:\/\/www.ediciones-valnera.com\/index.php?rest_route=%2Fwp%2Fv2%2Fproduct_cat&post=1171"},{"taxonomy":"product_tag","embeddable":true,"href":"https:\/\/www.ediciones-valnera.com\/index.php?rest_route=%2Fwp%2Fv2%2Fproduct_tag&post=1171"}],"curies":[{"name":"wp","href":"https:\/\/api.w.org\/{rel}","templated":true}]}}