{"id":1148,"date":"2024-04-23T15:06:44","date_gmt":"2024-04-23T15:06:44","guid":{"rendered":"https:\/\/www.ediciones-valnera.com\/?post_type=product&#038;p=1148"},"modified":"2025-11-06T11:19:24","modified_gmt":"2025-11-06T11:19:24","slug":"cancer-imperator","status":"publish","type":"product","link":"https:\/\/www.ediciones-valnera.com\/?product=cancer-imperator","title":{"rendered":"C\u00e1ncer imperator"},"content":{"rendered":"<p>Abella anima a hablar de la enfermedad con los dem\u00e1s: \u00abEs frecuente que quien tiene c\u00e1ncer prefiera no hablar de ello y guarde para s\u00ed mismo sus temores, sus emociones, su dolor. No lo hagas. Los sentimientos que se quedan dentro de uno mismo se ir\u00e1n pudriendo lentamente y te acabar\u00e1n ahogando el coraz\u00f3n. Habla con los tuyos, con tus amigos&#8230; Te har\u00e1 bien. Habla&#8230; Nada tienes que ocultar\u00bb.<\/p>\n<p>Aunque ayude, en absoluto es una obra de autoayuda. Es dura y emotiva. Real y esperanzadora. Escrita con la dif\u00edcil naturalidad de quien sabe que padece un c\u00e1ncer incurable.<\/p>\n","protected":false},"excerpt":{"rendered":"<h4 style=\"text-align: center;\"><strong><em>C\u00e1ncer Imper\u00e1tor<\/em> ha recibido el PREMIO GEPAC<\/strong><\/h4>\n<h4 style=\"text-align: center;\"><strong style=\"font-size: 16px;\">a la \u00ablabor period\u00edstica o literaria m\u00e1s comprometida con la normalizaci\u00f3n del c\u00e1ncer\u00bb.\u00a0<\/strong><\/h4>\n<p>Una novela, breve y valiente, escrita e ilustrada por Jos\u00e9 Antonio Abella, desde su doble perspectiva de m\u00e9dico y enfermo de un c\u00e1ncer incurable. En ella aborda todas las etapas del desarrollo de la enfermedad.<\/p>\n<p>Lo hace narrando aleg\u00f3ricamente la rebeli\u00f3n de unos ciudadanos que trabajan en el subsuelo limpiando las cloacas de las ciudades, contra los otros ciudadanos que viven ajenos y libres en el nivel superior (las c\u00e9lulas cancer\u00edgenas que un d\u00eda atacan desde dentro al cuerpo que las contiene).<\/p>\n<p>En la batalla que se inicia para intentar abortar la rebeli\u00f3n (el tratamiento de quimioterapia) mueren tanto unos como otros (las c\u00e9lulas cancer\u00edgenas y las sanas), por eso el enfermo debe conocer esa realidad y aprender a convivir sin tapujos con el c\u00e1ncer.<\/p>\n","protected":false},"featured_media":1149,"comment_status":"closed","ping_status":"closed","template":"","meta":[],"product_brand":[],"product_cat":[93,84],"product_tag":[58],"class_list":{"0":"post-1148","1":"product","2":"type-product","3":"status-publish","4":"has-post-thumbnail","6":"product_cat-novedades","7":"product_cat-valnera-grafica","8":"product_tag-jose-antonio-abella","10":"first","11":"instock","12":"shipping-taxable","13":"product-type-external"},"_links":{"self":[{"href":"https:\/\/www.ediciones-valnera.com\/index.php?rest_route=\/wp\/v2\/product\/1148","targetHints":{"allow":["GET"]}}],"collection":[{"href":"https:\/\/www.ediciones-valnera.com\/index.php?rest_route=\/wp\/v2\/product"}],"about":[{"href":"https:\/\/www.ediciones-valnera.com\/index.php?rest_route=\/wp\/v2\/types\/product"}],"replies":[{"embeddable":true,"href":"https:\/\/www.ediciones-valnera.com\/index.php?rest_route=%2Fwp%2Fv2%2Fcomments&post=1148"}],"wp:featuredmedia":[{"embeddable":true,"href":"https:\/\/www.ediciones-valnera.com\/index.php?rest_route=\/wp\/v2\/media\/1149"}],"wp:attachment":[{"href":"https:\/\/www.ediciones-valnera.com\/index.php?rest_route=%2Fwp%2Fv2%2Fmedia&parent=1148"}],"wp:term":[{"taxonomy":"product_brand","embeddable":true,"href":"https:\/\/www.ediciones-valnera.com\/index.php?rest_route=%2Fwp%2Fv2%2Fproduct_brand&post=1148"},{"taxonomy":"product_cat","embeddable":true,"href":"https:\/\/www.ediciones-valnera.com\/index.php?rest_route=%2Fwp%2Fv2%2Fproduct_cat&post=1148"},{"taxonomy":"product_tag","embeddable":true,"href":"https:\/\/www.ediciones-valnera.com\/index.php?rest_route=%2Fwp%2Fv2%2Fproduct_tag&post=1148"}],"curies":[{"name":"wp","href":"https:\/\/api.w.org\/{rel}","templated":true}]}}