{"id":1144,"date":"2024-04-23T12:43:34","date_gmt":"2024-04-23T12:43:34","guid":{"rendered":"https:\/\/www.ediciones-valnera.com\/?post_type=product&#038;p=1144"},"modified":"2025-11-06T11:21:21","modified_gmt":"2025-11-06T11:21:21","slug":"un-ingles-en-cantabria","status":"publish","type":"product","link":"https:\/\/www.ediciones-valnera.com\/?product=un-ingles-en-cantabria","title":{"rendered":"Un ingl\u00e9s en Cantabria"},"content":{"rendered":"<p>La que solo era una entrevista de trabajo se transforma muy pronto en una aut\u00e9ntica complicidad que pone de relieve, adem\u00e1s de la socarroner\u00eda del ingl\u00e9s, el desaliento vital y la falta de horizontes del narrador (en el fondo, un reflejo del propio Carazo).<\/p>\n<p>Pero lo que intrigar\u00e1 al lector ser\u00e1 descubrir que, mientras escribe su historia, el joven est\u00e1 siendo v\u00edctima de una inesperada reclusi\u00f3n cuyo tenebroso origen habr\u00e1 que buscarlo en las confidencias de mister Rush.<\/p>\n","protected":false},"excerpt":{"rendered":"<p>Con la riqueza l\u00e9xica y el cuidado exquisito que le caracteriza, Jes\u00fas Carazo ha situado al protagonista de su novela, un escritor ingl\u00e9s de mucha fama anta\u00f1o, en la localidad c\u00e1ntabra de Suances, en un retiro que no logra que pase del todo desapercibido. Al menos para el joven Jorge N***, que, tras acabar sus estudios, pretende realizar una investigaci\u00f3n sobre la obra del autor ingl\u00e9s\u2026<\/p>\n","protected":false},"featured_media":1145,"comment_status":"closed","ping_status":"closed","template":"","meta":[],"product_brand":[],"product_cat":[93,86],"product_tag":[53],"class_list":{"0":"post-1144","1":"product","2":"type-product","3":"status-publish","4":"has-post-thumbnail","6":"product_cat-novedades","7":"product_cat-valnera-literaria","8":"product_tag-jesus-carazo","10":"first","11":"instock","12":"shipping-taxable","13":"product-type-external"},"_links":{"self":[{"href":"https:\/\/www.ediciones-valnera.com\/index.php?rest_route=\/wp\/v2\/product\/1144","targetHints":{"allow":["GET"]}}],"collection":[{"href":"https:\/\/www.ediciones-valnera.com\/index.php?rest_route=\/wp\/v2\/product"}],"about":[{"href":"https:\/\/www.ediciones-valnera.com\/index.php?rest_route=\/wp\/v2\/types\/product"}],"replies":[{"embeddable":true,"href":"https:\/\/www.ediciones-valnera.com\/index.php?rest_route=%2Fwp%2Fv2%2Fcomments&post=1144"}],"wp:featuredmedia":[{"embeddable":true,"href":"https:\/\/www.ediciones-valnera.com\/index.php?rest_route=\/wp\/v2\/media\/1145"}],"wp:attachment":[{"href":"https:\/\/www.ediciones-valnera.com\/index.php?rest_route=%2Fwp%2Fv2%2Fmedia&parent=1144"}],"wp:term":[{"taxonomy":"product_brand","embeddable":true,"href":"https:\/\/www.ediciones-valnera.com\/index.php?rest_route=%2Fwp%2Fv2%2Fproduct_brand&post=1144"},{"taxonomy":"product_cat","embeddable":true,"href":"https:\/\/www.ediciones-valnera.com\/index.php?rest_route=%2Fwp%2Fv2%2Fproduct_cat&post=1144"},{"taxonomy":"product_tag","embeddable":true,"href":"https:\/\/www.ediciones-valnera.com\/index.php?rest_route=%2Fwp%2Fv2%2Fproduct_tag&post=1144"}],"curies":[{"name":"wp","href":"https:\/\/api.w.org\/{rel}","templated":true}]}}