{"id":109,"date":"2022-01-03T00:54:26","date_gmt":"2022-01-02T23:54:26","guid":{"rendered":"http:\/\/127.0.0.1:10080\/wordpress\/?post_type=product&#038;p=109"},"modified":"2022-02-01T23:45:05","modified_gmt":"2022-02-01T23:45:05","slug":"el-libro-de-las-hojas-muertas","status":"publish","type":"product","link":"https:\/\/www.ediciones-valnera.com\/?product=el-libro-de-las-hojas-muertas","title":{"rendered":"El libro de las hojas muertas"},"content":{"rendered":"","protected":false},"excerpt":{"rendered":"<p class=\"just\">Durante m\u00e1s de veinte a\u00f1os, el ilustrador Pablo Torrecilla se ha sumergido apasionadamente en\u00a0<em>Cien a\u00f1os de soledad<\/em>, la obra inabarcable de Gabriel Garc\u00eda M\u00e1rquez, para intentar ponerle im\u00e1genes a cada una de las escenas de la novela del genial colombiano. Un tiempo en el que ha realizado mil y un bocetos, cientos de dibujos y unos pocos \u00f3leos. De todo este proceso casi enfermizo (recogido en un escrito de singular belleza del propio Torrecilla y en cientos de ilustraciones) damos cuenta en este libro, que se integra en nuestra colecci\u00f3n \u00c1LBUMES ILUSTRADOS.<\/p>\n<p class=\"just\"><em>El libro me fascin\u00f3 desde la primera a la \u00faltima p\u00e1gina, pero cumpliendo el presagio de mi madre, no entend\u00ed absolutamente nada. A lo largo de aquel verano, la brisa del Caribe me alivi\u00f3 los tedios de unas siestas imposibles. Sentado en la terraza, disfrut\u00e9 de los artilugios de los gitanos y las empresas demenciales de los Buend\u00eda, el desastre de una gente que se olvidaba del nombre de las cosas por no dormir, la masculinidad inveros\u00edmil de Jos\u00e9 Arcadio hijo, tatuada como el antebrazo de un filibustero, los tres gemelos que jugaban a confundir sus identidades. Y sobre todo, el encuentro con Remedios, la bella.<\/em>\u00a0(De \u00abEl libro de las hojas muertas\u00bb)<\/p>\n","protected":false},"featured_media":697,"comment_status":"closed","ping_status":"closed","template":"","meta":[],"product_brand":[],"product_cat":[81],"product_tag":[64,76],"class_list":{"0":"post-109","1":"product","2":"type-product","3":"status-publish","4":"has-post-thumbnail","6":"product_cat-valnera","7":"product_tag-albumes-valnera","8":"product_tag-pablo-torrecilla","10":"first","11":"instock","12":"shipping-taxable","13":"product-type-external"},"_links":{"self":[{"href":"https:\/\/www.ediciones-valnera.com\/index.php?rest_route=\/wp\/v2\/product\/109","targetHints":{"allow":["GET"]}}],"collection":[{"href":"https:\/\/www.ediciones-valnera.com\/index.php?rest_route=\/wp\/v2\/product"}],"about":[{"href":"https:\/\/www.ediciones-valnera.com\/index.php?rest_route=\/wp\/v2\/types\/product"}],"replies":[{"embeddable":true,"href":"https:\/\/www.ediciones-valnera.com\/index.php?rest_route=%2Fwp%2Fv2%2Fcomments&post=109"}],"wp:featuredmedia":[{"embeddable":true,"href":"https:\/\/www.ediciones-valnera.com\/index.php?rest_route=\/wp\/v2\/media\/697"}],"wp:attachment":[{"href":"https:\/\/www.ediciones-valnera.com\/index.php?rest_route=%2Fwp%2Fv2%2Fmedia&parent=109"}],"wp:term":[{"taxonomy":"product_brand","embeddable":true,"href":"https:\/\/www.ediciones-valnera.com\/index.php?rest_route=%2Fwp%2Fv2%2Fproduct_brand&post=109"},{"taxonomy":"product_cat","embeddable":true,"href":"https:\/\/www.ediciones-valnera.com\/index.php?rest_route=%2Fwp%2Fv2%2Fproduct_cat&post=109"},{"taxonomy":"product_tag","embeddable":true,"href":"https:\/\/www.ediciones-valnera.com\/index.php?rest_route=%2Fwp%2Fv2%2Fproduct_tag&post=109"}],"curies":[{"name":"wp","href":"https:\/\/api.w.org\/{rel}","templated":true}]}}