{"id":1085,"date":"2023-05-13T18:33:59","date_gmt":"2023-05-13T18:33:59","guid":{"rendered":"https:\/\/www.ediciones-valnera.com\/?post_type=product&#038;p=1085"},"modified":"2025-11-06T11:23:45","modified_gmt":"2025-11-06T11:23:45","slug":"caido-del-cielo-fallen-from-heaven","status":"publish","type":"product","link":"https:\/\/www.ediciones-valnera.com\/?product=caido-del-cielo-fallen-from-heaven","title":{"rendered":"Ca\u00eddo del cielo \/ Fallen from Heaven"},"content":{"rendered":"<p>Cierto d\u00eda, cae desde el cielo un grano de az\u00facar entre dos hormigueros. A ra\u00edz de este hecho, los dos hormigueros se enfrentan por poseer lo que ha quedado en tierra de nadie, y comienzan una serie de peripecias entre las hormigas locas y las hormigas bravas.<\/p>\n<p>El desacuerdo inicial les lleva a un enfrentamiento que parece no tener fin. Por eso recurren al consejo de dos hormigas viejas y sabias, una de cada bando, para intentar llegar a un consenso. Tras iniciales discusiones entre ambas, cuando parece estar llegando el acuerdo, se produce un hecho tan fortuito como inevitable que le dar\u00e1 un giro inesperado a la historia&#8230;<\/p>\n<p>&nbsp;<\/p>\n","protected":false},"excerpt":{"rendered":"<p>Edici\u00f3n biling\u00fce Espa\u00f1ol\/Ingl\u00e9s.<\/p>\n<p>La historia de este librito representa un canto a los valores de la cooperaci\u00f3n, el di\u00e1logo y el reparto, dejando en claro la moraleja de que m\u00e1s vale repartir la mitad que perderlo todo.<\/p>\n","protected":false},"featured_media":1086,"comment_status":"closed","ping_status":"closed","template":"","meta":[],"product_brand":[],"product_cat":[85],"product_tag":[110,109],"class_list":{"0":"post-1085","1":"product","2":"type-product","3":"status-publish","4":"has-post-thumbnail","6":"product_cat-valnera-infantil-juvenil","7":"product_tag-andrea-reyes","8":"product_tag-ketty-blanco","10":"first","11":"instock","12":"shipping-taxable","13":"product-type-external"},"_links":{"self":[{"href":"https:\/\/www.ediciones-valnera.com\/index.php?rest_route=\/wp\/v2\/product\/1085","targetHints":{"allow":["GET"]}}],"collection":[{"href":"https:\/\/www.ediciones-valnera.com\/index.php?rest_route=\/wp\/v2\/product"}],"about":[{"href":"https:\/\/www.ediciones-valnera.com\/index.php?rest_route=\/wp\/v2\/types\/product"}],"replies":[{"embeddable":true,"href":"https:\/\/www.ediciones-valnera.com\/index.php?rest_route=%2Fwp%2Fv2%2Fcomments&post=1085"}],"wp:featuredmedia":[{"embeddable":true,"href":"https:\/\/www.ediciones-valnera.com\/index.php?rest_route=\/wp\/v2\/media\/1086"}],"wp:attachment":[{"href":"https:\/\/www.ediciones-valnera.com\/index.php?rest_route=%2Fwp%2Fv2%2Fmedia&parent=1085"}],"wp:term":[{"taxonomy":"product_brand","embeddable":true,"href":"https:\/\/www.ediciones-valnera.com\/index.php?rest_route=%2Fwp%2Fv2%2Fproduct_brand&post=1085"},{"taxonomy":"product_cat","embeddable":true,"href":"https:\/\/www.ediciones-valnera.com\/index.php?rest_route=%2Fwp%2Fv2%2Fproduct_cat&post=1085"},{"taxonomy":"product_tag","embeddable":true,"href":"https:\/\/www.ediciones-valnera.com\/index.php?rest_route=%2Fwp%2Fv2%2Fproduct_tag&post=1085"}],"curies":[{"name":"wp","href":"https:\/\/api.w.org\/{rel}","templated":true}]}}