{"id":1077,"date":"2023-05-13T17:47:32","date_gmt":"2023-05-13T17:47:32","guid":{"rendered":"https:\/\/www.ediciones-valnera.com\/?post_type=product&#038;p=1077"},"modified":"2025-11-06T11:25:21","modified_gmt":"2025-11-06T11:25:21","slug":"tiempo-luminoso","status":"publish","type":"product","link":"https:\/\/www.ediciones-valnera.com\/?product=tiempo-luminoso","title":{"rendered":"Tiempo luminoso"},"content":{"rendered":"<p>El protagonista, un profesor de historia que acaba de cruzar la peligrosa frontera del medio siglo, nos cuenta su sorprendente viaje a Royan, un pueblecito de la costa atl\u00e1ntica francesa. Y lo que en principio iba a ser una tranquila estancia veraniega en casa de su hija y su yerno (atormentada tan solo por los obstinados fantasmas del pasado) se convierte en una inolvidable experiencia tras la llegada al domicilio familiar de una joven fascinante.<\/p>\n<p>El sol, el mar y el delicioso encanto de las playas de <em>La Charente<\/em> iluminan un divertido cortejo sentimental que, como ocurre en todas las especies del planeta, no siempre termina como uno hab\u00eda imaginado\u2026<\/p>\n","protected":false},"excerpt":{"rendered":"<p>En esta novela Jes\u00fas Carazo le da otra vuelta de tuerca a un tema muy querido por \u00e9l, el de las relaciones de pareja, con sus dificultades intr\u00ednsecas, a las que en esta ocasi\u00f3n se suma la diferencia de edad \u2013y de visi\u00f3n de la realidad cotidiana\u2013 de los protagonistas.<\/p>\n","protected":false},"featured_media":1078,"comment_status":"closed","ping_status":"closed","template":"","meta":[],"product_brand":[],"product_cat":[86],"product_tag":[53],"class_list":{"0":"post-1077","1":"product","2":"type-product","3":"status-publish","4":"has-post-thumbnail","6":"product_cat-valnera-literaria","7":"product_tag-jesus-carazo","9":"first","10":"instock","11":"shipping-taxable","12":"product-type-external"},"_links":{"self":[{"href":"https:\/\/www.ediciones-valnera.com\/index.php?rest_route=\/wp\/v2\/product\/1077","targetHints":{"allow":["GET"]}}],"collection":[{"href":"https:\/\/www.ediciones-valnera.com\/index.php?rest_route=\/wp\/v2\/product"}],"about":[{"href":"https:\/\/www.ediciones-valnera.com\/index.php?rest_route=\/wp\/v2\/types\/product"}],"replies":[{"embeddable":true,"href":"https:\/\/www.ediciones-valnera.com\/index.php?rest_route=%2Fwp%2Fv2%2Fcomments&post=1077"}],"wp:featuredmedia":[{"embeddable":true,"href":"https:\/\/www.ediciones-valnera.com\/index.php?rest_route=\/wp\/v2\/media\/1078"}],"wp:attachment":[{"href":"https:\/\/www.ediciones-valnera.com\/index.php?rest_route=%2Fwp%2Fv2%2Fmedia&parent=1077"}],"wp:term":[{"taxonomy":"product_brand","embeddable":true,"href":"https:\/\/www.ediciones-valnera.com\/index.php?rest_route=%2Fwp%2Fv2%2Fproduct_brand&post=1077"},{"taxonomy":"product_cat","embeddable":true,"href":"https:\/\/www.ediciones-valnera.com\/index.php?rest_route=%2Fwp%2Fv2%2Fproduct_cat&post=1077"},{"taxonomy":"product_tag","embeddable":true,"href":"https:\/\/www.ediciones-valnera.com\/index.php?rest_route=%2Fwp%2Fv2%2Fproduct_tag&post=1077"}],"curies":[{"name":"wp","href":"https:\/\/api.w.org\/{rel}","templated":true}]}}