{"id":1074,"date":"2023-05-13T17:31:55","date_gmt":"2023-05-13T17:31:55","guid":{"rendered":"https:\/\/www.ediciones-valnera.com\/?post_type=product&#038;p=1074"},"modified":"2025-11-06T11:27:07","modified_gmt":"2025-11-06T11:27:07","slug":"me-crei-inmortal-hasta-que-me-mori","status":"publish","type":"product","link":"https:\/\/www.ediciones-valnera.com\/?product=me-crei-inmortal-hasta-que-me-mori","title":{"rendered":"Me cre\u00ed inmortal hasta que me mor\u00ed"},"content":{"rendered":"<p>Esta caracter\u00edstica le permite entrevistarse con sus personajes preferidos, de tal modo que mantiene encuentros con Clara Campoamor, Ram\u00f3n y Cajal, Miguel de Cervantes, Shakespeare, Mozart, Bach\u2026 y otros muchos, al tiempo que nos va desvelando su propia vida personal, repleta de amor\u00edos y viajes, hasta que le sorprendi\u00f3 la muerte temprana.<\/p>\n<p>La novela es novedosa en un planteamiento que le permite al lector transitar por momentos cruciales de la historia de la literatura y del arte, de la historia de la humanidad, en fin, como si estuviera vivi\u00e9ndolos en persona, y conocer a sus protagonistas de primera mano, en unos encuentros, aunque imposibles, muy veros\u00edmiles.<\/p>\n","protected":false},"excerpt":{"rendered":"<p>Con esa frase comienza la obra, que sit\u00faa al lector frente a la repentina muerte del protagonista (el propio autor) apenas cumplidos los cuarenta y seis a\u00f1os. Una muerte tras la que alcanza un estado singular, extra\u00f1o, del que jam\u00e1s hab\u00eda tenido noticia, ni siquiera en sus muchas lecturas, pues desde esa nueva situaci\u00f3n puede recorrer el pasado de todas las vidas humanas que ha habido a lo largo de la historia de la humanidad y vivirlo como si estuviera en el presente.<\/p>\n","protected":false},"featured_media":1075,"comment_status":"closed","ping_status":"closed","template":"","meta":[],"product_brand":[],"product_cat":[86],"product_tag":[],"class_list":{"0":"post-1074","1":"product","2":"type-product","3":"status-publish","4":"has-post-thumbnail","6":"product_cat-valnera-literaria","8":"first","9":"instock","10":"shipping-taxable","11":"product-type-external"},"_links":{"self":[{"href":"https:\/\/www.ediciones-valnera.com\/index.php?rest_route=\/wp\/v2\/product\/1074","targetHints":{"allow":["GET"]}}],"collection":[{"href":"https:\/\/www.ediciones-valnera.com\/index.php?rest_route=\/wp\/v2\/product"}],"about":[{"href":"https:\/\/www.ediciones-valnera.com\/index.php?rest_route=\/wp\/v2\/types\/product"}],"replies":[{"embeddable":true,"href":"https:\/\/www.ediciones-valnera.com\/index.php?rest_route=%2Fwp%2Fv2%2Fcomments&post=1074"}],"wp:featuredmedia":[{"embeddable":true,"href":"https:\/\/www.ediciones-valnera.com\/index.php?rest_route=\/wp\/v2\/media\/1075"}],"wp:attachment":[{"href":"https:\/\/www.ediciones-valnera.com\/index.php?rest_route=%2Fwp%2Fv2%2Fmedia&parent=1074"}],"wp:term":[{"taxonomy":"product_brand","embeddable":true,"href":"https:\/\/www.ediciones-valnera.com\/index.php?rest_route=%2Fwp%2Fv2%2Fproduct_brand&post=1074"},{"taxonomy":"product_cat","embeddable":true,"href":"https:\/\/www.ediciones-valnera.com\/index.php?rest_route=%2Fwp%2Fv2%2Fproduct_cat&post=1074"},{"taxonomy":"product_tag","embeddable":true,"href":"https:\/\/www.ediciones-valnera.com\/index.php?rest_route=%2Fwp%2Fv2%2Fproduct_tag&post=1074"}],"curies":[{"name":"wp","href":"https:\/\/api.w.org\/{rel}","templated":true}]}}