{"id":107,"date":"2022-01-03T00:46:58","date_gmt":"2022-01-02T23:46:58","guid":{"rendered":"http:\/\/127.0.0.1:10080\/wordpress\/?post_type=product&#038;p=107"},"modified":"2022-02-01T23:45:37","modified_gmt":"2022-02-01T23:45:37","slug":"gentes-de-sotileza","status":"publish","type":"product","link":"https:\/\/www.ediciones-valnera.com\/?product=gentes-de-sotileza","title":{"rendered":"Gentes de Sotileza"},"content":{"rendered":"","protected":false},"excerpt":{"rendered":"<p class=\"just\"><em>Jos\u00e9 Mar\u00eda de Pereda, en el pr\u00f3logo de \u00abSotileza\u00bb, deja muy clara su intenci\u00f3n de recuperar el Santander que se fue. En sus calles y en sus muelles, en sus personajes y en sus historias. Y lo hace con su enorme talento para novelar y con el coraz\u00f3n rebosante de recuerdos y gratitudes.<br \/>\n<span class=\"just1\"><span class=\"Estilo1\"><span style=\"color: #666666; font-family: Verdana, Arial, Helvetica, sans-serif;\"><img loading=\"lazy\" decoding=\"async\" src=\"http:\/\/www.ediciones-valnera.com\/img\/barra2.gif\" width=\"27\" height=\"1\" \/><\/span><\/span><\/span>Un siglo y medio despu\u00e9s, yo trato de hacer algo parecido. A m\u00ed tambi\u00e9n se me ha ido un Santander que ya apenas existe. El Santander de los a\u00f1os cuarenta del pasado siglo veinte, el Santander de mi infancia, el Santander de mis sue\u00f1os primeros.<\/em><\/p>\n<p class=\"just\">As\u00ed comienza este libro en el que Jos\u00e9 Ram\u00f3n S\u00e1nchez desgrana su amor por la ciudad cant\u00e1brica, mediante las reflexiones escritas y las im\u00e1genes pict\u00f3ricas que traz\u00f3 tras la lectura de\u00a0<em>Sotileza<\/em>, la genial obra de Jos\u00e9 Mar\u00eda de Pereda.<br \/>\n<span class=\"just1\"><span class=\"Estilo1\"><span style=\"color: #666666; font-family: Verdana, Arial, Helvetica, sans-serif;\"><img loading=\"lazy\" decoding=\"async\" src=\"http:\/\/www.ediciones-valnera.com\/img\/barra2.gif\" width=\"27\" height=\"1\" \/><\/span><\/span><\/span>\u00a0M\u00e1s de trescientas ilustraciones en color y blanco y negro, y una antolog\u00eda de los fragmentos m\u00e1s destacados de la novela del autor de Polanco, conforman un volumen coeditado con la Obra Social y Cultural de Caja Cantabria, que se integra en nuestra colecci\u00f3n de \u00c1lbumes Ilustrados.<\/p>\n","protected":false},"featured_media":698,"comment_status":"closed","ping_status":"closed","template":"","meta":[],"product_brand":[],"product_cat":[81],"product_tag":[62,64],"class_list":{"0":"post-107","1":"product","2":"type-product","3":"status-publish","4":"has-post-thumbnail","6":"product_cat-valnera","7":"product_tag-jose-ramon-sanchez","8":"product_tag-albumes-valnera","10":"first","11":"instock","12":"shipping-taxable","13":"product-type-external"},"_links":{"self":[{"href":"https:\/\/www.ediciones-valnera.com\/index.php?rest_route=\/wp\/v2\/product\/107","targetHints":{"allow":["GET"]}}],"collection":[{"href":"https:\/\/www.ediciones-valnera.com\/index.php?rest_route=\/wp\/v2\/product"}],"about":[{"href":"https:\/\/www.ediciones-valnera.com\/index.php?rest_route=\/wp\/v2\/types\/product"}],"replies":[{"embeddable":true,"href":"https:\/\/www.ediciones-valnera.com\/index.php?rest_route=%2Fwp%2Fv2%2Fcomments&post=107"}],"wp:featuredmedia":[{"embeddable":true,"href":"https:\/\/www.ediciones-valnera.com\/index.php?rest_route=\/wp\/v2\/media\/698"}],"wp:attachment":[{"href":"https:\/\/www.ediciones-valnera.com\/index.php?rest_route=%2Fwp%2Fv2%2Fmedia&parent=107"}],"wp:term":[{"taxonomy":"product_brand","embeddable":true,"href":"https:\/\/www.ediciones-valnera.com\/index.php?rest_route=%2Fwp%2Fv2%2Fproduct_brand&post=107"},{"taxonomy":"product_cat","embeddable":true,"href":"https:\/\/www.ediciones-valnera.com\/index.php?rest_route=%2Fwp%2Fv2%2Fproduct_cat&post=107"},{"taxonomy":"product_tag","embeddable":true,"href":"https:\/\/www.ediciones-valnera.com\/index.php?rest_route=%2Fwp%2Fv2%2Fproduct_tag&post=107"}],"curies":[{"name":"wp","href":"https:\/\/api.w.org\/{rel}","templated":true}]}}