{"id":105,"date":"2022-01-03T00:42:52","date_gmt":"2022-01-02T23:42:52","guid":{"rendered":"http:\/\/127.0.0.1:10080\/wordpress\/?post_type=product&#038;p=105"},"modified":"2022-02-01T23:48:34","modified_gmt":"2022-02-01T23:48:34","slug":"la-cantabria-de-gustavo-cotera","status":"publish","type":"product","link":"https:\/\/www.ediciones-valnera.com\/?product=la-cantabria-de-gustavo-cotera","title":{"rendered":"La Cantabria de Gustavo Cotera"},"content":{"rendered":"","protected":false},"excerpt":{"rendered":"<p class=\"just\">Organizado en seis apartados \u2014cada uno de los cuales puede ser un libro en s\u00ed mismo\u2014 este volumen es un compendio espectacular que recoge toda la producci\u00f3n art\u00edstica que Gustavo Cotera le ha dedicado a su tierra: la mitolog\u00eda, la epopeya, tipos y costumbres, el traje popular, Cantabria c\u00f3mica y varia.<\/p>\n<p class=\"just\">Cuatrocientas sesenta y seis ilustraciones, agrupadas en doscientas cincuenta y seis p\u00e1ginas, que inauguran en Valnera una colecci\u00f3n de libros, a modo de \u00e1lbumes, en los que las im\u00e1genes prevalecen sobre los textos. Libros exquisitos que compendian la obra de un autor sobre un determinado tema y en los que impera la belleza, sin por ello perder un \u00e1pice de rigor.<\/p>\n","protected":false},"featured_media":699,"comment_status":"closed","ping_status":"closed","template":"","meta":[],"product_brand":[],"product_cat":[81],"product_tag":[44,64],"class_list":{"0":"post-105","1":"product","2":"type-product","3":"status-publish","4":"has-post-thumbnail","6":"product_cat-valnera","7":"product_tag-gustavo-cotera","8":"product_tag-albumes-valnera","10":"first","11":"instock","12":"shipping-taxable","13":"product-type-external"},"_links":{"self":[{"href":"https:\/\/www.ediciones-valnera.com\/index.php?rest_route=\/wp\/v2\/product\/105","targetHints":{"allow":["GET"]}}],"collection":[{"href":"https:\/\/www.ediciones-valnera.com\/index.php?rest_route=\/wp\/v2\/product"}],"about":[{"href":"https:\/\/www.ediciones-valnera.com\/index.php?rest_route=\/wp\/v2\/types\/product"}],"replies":[{"embeddable":true,"href":"https:\/\/www.ediciones-valnera.com\/index.php?rest_route=%2Fwp%2Fv2%2Fcomments&post=105"}],"wp:featuredmedia":[{"embeddable":true,"href":"https:\/\/www.ediciones-valnera.com\/index.php?rest_route=\/wp\/v2\/media\/699"}],"wp:attachment":[{"href":"https:\/\/www.ediciones-valnera.com\/index.php?rest_route=%2Fwp%2Fv2%2Fmedia&parent=105"}],"wp:term":[{"taxonomy":"product_brand","embeddable":true,"href":"https:\/\/www.ediciones-valnera.com\/index.php?rest_route=%2Fwp%2Fv2%2Fproduct_brand&post=105"},{"taxonomy":"product_cat","embeddable":true,"href":"https:\/\/www.ediciones-valnera.com\/index.php?rest_route=%2Fwp%2Fv2%2Fproduct_cat&post=105"},{"taxonomy":"product_tag","embeddable":true,"href":"https:\/\/www.ediciones-valnera.com\/index.php?rest_route=%2Fwp%2Fv2%2Fproduct_tag&post=105"}],"curies":[{"name":"wp","href":"https:\/\/api.w.org\/{rel}","templated":true}]}}