{"id":102,"date":"2022-01-03T00:36:08","date_gmt":"2022-01-02T23:36:08","guid":{"rendered":"http:\/\/127.0.0.1:10080\/wordpress\/?post_type=product&#038;p=102"},"modified":"2022-02-01T23:49:15","modified_gmt":"2022-02-01T23:49:15","slug":"los-papeles-de-una-vida-recobrada","status":"publish","type":"product","link":"https:\/\/www.ediciones-valnera.com\/?product=los-papeles-de-una-vida-recobrada","title":{"rendered":"Los papeles de una vida recobrada"},"content":{"rendered":"<p>Por estas p\u00e1ginas desfilan novelistas, poetas, pintores, m\u00fasicos, tratantes de arte, pol\u00edticos&#8230; El libro es una combinaci\u00f3n de memoria, de autobiograf\u00eda, de viaje en el tiempo. Los recuerdos aparecen rese\u00f1ados con todo detalle; los nombres se cruzan en un itinerario plural te\u00f1ido por doquier de poes\u00eda, de pintura, de arte. Por aqu\u00ed y por all\u00e1 se mezclan la an\u00e9cdota, el hito hist\u00f3rico, la cr\u00f3nica social o la vida pol\u00edtica de los dif\u00edciles a\u00f1os del franquismo. Todo ello tejido por la prosa precisa de Arce y por las cartas de su archivo personal, que se van imbricando con las vivencias del autor para reafirmar, casi como documentos notariales, lo que \u00e9l cuenta. No en vano, para recuperar la memoria, Arce, coleccionista impenitente de archivos, se sirve del inmenso y cuidado caudal de correspondencia, de fotograf\u00edas y todo tipo de documentos culturales que atesora bien ordenados en carpetas. Y ante la visi\u00f3n de esos papeles recupera el dato preciso, la fecha exacta. Recupera su vida. De ah\u00ed el t\u00edtulo:\u00a0<i>Los papeles de una vida recobrada<\/i>.<\/p>\n","protected":false},"excerpt":{"rendered":"<p>La importancia de este libro de Manuel Arce queda reflejada en sus cifras abrumadoras: 1.488 p\u00e1ginas, 1.098 personas recogidas en el \u00edndice onom\u00e1stico, 715 cartas cruzadas con protagonistas de la vida cultural del siglo xx, 234 fotograf\u00edas en el ap\u00e9ndice iconogr\u00e1fico&#8230; En total sesenta y ocho a\u00f1os de la vida de Arce, y por ende de la vida cultural espa\u00f1ola, que abarcan desde el a\u00f1o 1942 hasta la publicaci\u00f3n de su \u00faltima novela,\u00a0<i>El latido de la memoria<\/i>, en 2006.<\/p>\n","protected":false},"featured_media":700,"comment_status":"closed","ping_status":"closed","template":"","meta":[],"product_brand":[],"product_cat":[81],"product_tag":[65,73],"class_list":{"0":"post-102","1":"product","2":"type-product","3":"status-publish","4":"has-post-thumbnail","6":"product_cat-valnera","7":"product_tag-manuel-arce","8":"product_tag-memorias","10":"first","11":"instock","12":"shipping-taxable","13":"product-type-external"},"_links":{"self":[{"href":"https:\/\/www.ediciones-valnera.com\/index.php?rest_route=\/wp\/v2\/product\/102","targetHints":{"allow":["GET"]}}],"collection":[{"href":"https:\/\/www.ediciones-valnera.com\/index.php?rest_route=\/wp\/v2\/product"}],"about":[{"href":"https:\/\/www.ediciones-valnera.com\/index.php?rest_route=\/wp\/v2\/types\/product"}],"replies":[{"embeddable":true,"href":"https:\/\/www.ediciones-valnera.com\/index.php?rest_route=%2Fwp%2Fv2%2Fcomments&post=102"}],"wp:featuredmedia":[{"embeddable":true,"href":"https:\/\/www.ediciones-valnera.com\/index.php?rest_route=\/wp\/v2\/media\/700"}],"wp:attachment":[{"href":"https:\/\/www.ediciones-valnera.com\/index.php?rest_route=%2Fwp%2Fv2%2Fmedia&parent=102"}],"wp:term":[{"taxonomy":"product_brand","embeddable":true,"href":"https:\/\/www.ediciones-valnera.com\/index.php?rest_route=%2Fwp%2Fv2%2Fproduct_brand&post=102"},{"taxonomy":"product_cat","embeddable":true,"href":"https:\/\/www.ediciones-valnera.com\/index.php?rest_route=%2Fwp%2Fv2%2Fproduct_cat&post=102"},{"taxonomy":"product_tag","embeddable":true,"href":"https:\/\/www.ediciones-valnera.com\/index.php?rest_route=%2Fwp%2Fv2%2Fproduct_tag&post=102"}],"curies":[{"name":"wp","href":"https:\/\/api.w.org\/{rel}","templated":true}]}}