{"id":374,"date":"2022-01-09T03:30:25","date_gmt":"2022-01-09T02:30:25","guid":{"rendered":"http:\/\/127.0.0.1:10080\/wordpress\/?page_id=374"},"modified":"2022-02-16T23:59:42","modified_gmt":"2022-02-16T23:59:42","slug":"quienes-somos","status":"publish","type":"page","link":"https:\/\/www.ediciones-valnera.com\/?page_id=374","title":{"rendered":"Qui\u00e9nes somos"},"content":{"rendered":"\n<div class=\"wp-block-columns is-layout-flex wp-container-core-columns-is-layout-9d6595d7 wp-block-columns-is-layout-flex\">\n<div class=\"wp-block-column is-layout-flow wp-block-column-is-layout-flow\">\n<div class=\"wp-block-image\"><figure class=\"aligncenter size-full is-resized\"><img loading=\"lazy\" decoding=\"async\" src=\"https:\/\/www.ediciones-valnera.com\/wp-content\/uploads\/2022\/02\/socios-1.jpg\" alt=\"\" class=\"wp-image-606\" width=\"422\" height=\"393\"\/><figcaption><sub><em>De izquierda a derecha un equipo muy bien avenido: Jes\u00fas Herr\u00e1n Ceballos, \u00c1ngeles de la Gala Bueno y Jos\u00e9 Ram\u00f3n S\u00e1nchez Sanz.<\/em><\/sub><\/figcaption><\/figure><\/div>\n<\/div>\n\n\n\n<div class=\"wp-block-column is-layout-flow wp-block-column-is-layout-flow\">\n<div class=\"wp-block-image\"><figure class=\"aligncenter size-full is-resized\"><img loading=\"lazy\" decoding=\"async\" src=\"https:\/\/www.ediciones-valnera.com\/wp-content\/uploads\/2022\/02\/socios2-1.jpg\" alt=\"\" class=\"wp-image-607\" width=\"449\" height=\"393\"\/><figcaption><sub><em>\u00a1Con la misma ilusi\u00f3n 16 a\u00f1os despu\u00e9s!<\/em><\/sub><\/figcaption><\/figure><\/div>\n<\/div>\n<\/div>\n\n\n\n<p class=\"has-text-align-center\">Ediciones Valnera toma su nombre del famoso monte c\u00e1ntabro y se constituye como Sociedad Limitada el 19 de octubre de 2001, de la mano de \u00c1ngeles de la Gala, Paloma Crespo y Jos\u00e9 Ram\u00f3n S\u00e1nchez (permaneciendo en la sombra Manuel G\u00f3mez, entonces responsable de producci\u00f3n de Grupo Anaya, y Jes\u00fas Herr\u00e1n, gerente de ventas de la misma empresa).<\/p>\n\n\n\n<p class=\"has-text-align-center\"><br>El 4 de marzo de 2004, Paloma Crespo deja la Sociedad. \u00c1ngeles de la Gala asume el 66% de las acciones y Jos\u00e9 Ram\u00f3n S\u00e1nchez el 33% restante, que sigue siendo el reparto actual.<\/p>\n\n\n\n<p class=\"has-text-align-center\"><br>En abril de 2002 sale a la luz su primera publicaci\u00f3n, un monumental Moby Dick que removi\u00f3 los cimientos de la edici\u00f3n.<\/p>\n\n\n\n<div style=\"height:55px\" aria-hidden=\"true\" class=\"wp-block-spacer\"><\/div>\n\n\n\n<p><\/p>\n\n\n\n<h2 class=\"wp-block-heading\" id=\"ano-2002-el-inicio\">A\u00f1o 2002: el inicio<\/h2>\n\n\n<div data-block-name=\"woocommerce\/product-category\" data-categories=\"[91]\" data-content-visibility=\"{&quot;title&quot;:true,&quot;price&quot;:false,&quot;rating&quot;:true,&quot;button&quot;:false}\" class=\"wc-block-grid wp-block-product-category wp-block-woocommerce-product-category wc-block-product-category has-3-columns has-multiple-rows\"><ul class=\"wc-block-grid__products\"><li class=\"wc-block-grid__product\">\n\t\t\t\t<a href=\"https:\/\/www.ediciones-valnera.com\/?product=moby-dick\" class=\"wc-block-grid__product-link\">\n\t\t\t\t\t\n\t\t\t\t\t<div class=\"wc-block-grid__product-image\"><img loading=\"lazy\" decoding=\"async\" width=\"300\" height=\"166\" src=\"https:\/\/www.ediciones-valnera.com\/wp-content\/uploads\/2022\/01\/portada2-300x166.jpg\" class=\"attachment-woocommerce_thumbnail size-woocommerce_thumbnail\" alt=\"Moby Dick\" srcset=\"https:\/\/www.ediciones-valnera.com\/wp-content\/uploads\/2022\/01\/portada2-300x166.jpg 300w, https:\/\/www.ediciones-valnera.com\/wp-content\/uploads\/2022\/01\/portada2.jpg 378w\" sizes=\"auto, (max-width: 300px) 100vw, 300px\" \/><\/div>\n\t\t\t\t\t<div class=\"wc-block-grid__product-title\">Moby Dick<\/div>\n\t\t\t\t<\/a>\n\t\t\t\t\n\t\t\t\t\n\t\t\t\t\n\t\t\t<\/li><\/ul><\/div>\n\n\n<h2 class=\"wp-block-heading\" id=\"ano-2003-la-continuacion\">A\u00f1o 2003: la continuaci\u00f3n<\/h2>\n\n\n<div data-block-name=\"woocommerce\/product-category\" data-categories=\"[92]\" data-content-visibility=\"{&quot;title&quot;:true,&quot;price&quot;:false,&quot;rating&quot;:true,&quot;button&quot;:false}\" class=\"wc-block-grid wp-block-product-category wp-block-woocommerce-product-category wc-block-product-category has-3-columns has-multiple-rows\"><ul class=\"wc-block-grid__products\"><li class=\"wc-block-grid__product\">\n\t\t\t\t<a href=\"https:\/\/www.ediciones-valnera.com\/?product=moby-dick-segunda-version\" class=\"wc-block-grid__product-link\">\n\t\t\t\t\t\n\t\t\t\t\t<div class=\"wc-block-grid__product-image\"><img loading=\"lazy\" decoding=\"async\" width=\"300\" height=\"235\" src=\"https:\/\/www.ediciones-valnera.com\/wp-content\/uploads\/2022\/01\/moby_dick-300x235.jpg\" class=\"attachment-woocommerce_thumbnail size-woocommerce_thumbnail\" alt=\"Moby Dick (segunda versi\u00f3n)\" srcset=\"https:\/\/www.ediciones-valnera.com\/wp-content\/uploads\/2022\/01\/moby_dick-300x235.jpg 300w, https:\/\/www.ediciones-valnera.com\/wp-content\/uploads\/2022\/01\/moby_dick.jpg 308w\" sizes=\"auto, (max-width: 300px) 100vw, 300px\" \/><\/div>\n\t\t\t\t\t<div class=\"wc-block-grid__product-title\">Moby Dick (segunda versi\u00f3n)<\/div>\n\t\t\t\t<\/a>\n\t\t\t\t\n\t\t\t\t\n\t\t\t\t\n\t\t\t<\/li><\/ul><\/div>","protected":false},"excerpt":{"rendered":"<p>Ediciones Valnera toma su nombre del famoso monte c\u00e1ntabro y se constituye como Sociedad Limitada el 19 de octubre de 2001, de la mano de \u00c1ngeles de la Gala, Paloma Crespo y Jos\u00e9 Ram\u00f3n S\u00e1nchez (permaneciendo en la sombra Manuel G\u00f3mez, entonces responsable de producci\u00f3n de Grupo Anaya, y Jes\u00fas Herr\u00e1n, gerente de ventas de &hellip; <\/p>\n","protected":false},"author":1,"featured_media":850,"parent":0,"menu_order":0,"comment_status":"closed","ping_status":"closed","template":"","meta":{"footnotes":""},"class_list":["post-374","page","type-page","status-publish","has-post-thumbnail","hentry"],"_links":{"self":[{"href":"https:\/\/www.ediciones-valnera.com\/index.php?rest_route=\/wp\/v2\/pages\/374","targetHints":{"allow":["GET"]}}],"collection":[{"href":"https:\/\/www.ediciones-valnera.com\/index.php?rest_route=\/wp\/v2\/pages"}],"about":[{"href":"https:\/\/www.ediciones-valnera.com\/index.php?rest_route=\/wp\/v2\/types\/page"}],"author":[{"embeddable":true,"href":"https:\/\/www.ediciones-valnera.com\/index.php?rest_route=\/wp\/v2\/users\/1"}],"replies":[{"embeddable":true,"href":"https:\/\/www.ediciones-valnera.com\/index.php?rest_route=%2Fwp%2Fv2%2Fcomments&post=374"}],"version-history":[{"count":10,"href":"https:\/\/www.ediciones-valnera.com\/index.php?rest_route=\/wp\/v2\/pages\/374\/revisions"}],"predecessor-version":[{"id":893,"href":"https:\/\/www.ediciones-valnera.com\/index.php?rest_route=\/wp\/v2\/pages\/374\/revisions\/893"}],"wp:featuredmedia":[{"embeddable":true,"href":"https:\/\/www.ediciones-valnera.com\/index.php?rest_route=\/wp\/v2\/media\/850"}],"wp:attachment":[{"href":"https:\/\/www.ediciones-valnera.com\/index.php?rest_route=%2Fwp%2Fv2%2Fmedia&parent=374"}],"curies":[{"name":"wp","href":"https:\/\/api.w.org\/{rel}","templated":true}]}}